{"id":42793,"date":"2023-03-06T11:42:41","date_gmt":"2023-03-06T10:42:41","guid":{"rendered":"https:\/\/www.slim-ocean.be\/?page_id=42793"},"modified":"2023-03-06T11:42:42","modified_gmt":"2023-03-06T10:42:42","slug":"modelling-the-danube-black-sea-continuum","status":"publish","type":"page","link":"https:\/\/www.slim-ocean.be\/index.php\/modelling-the-danube-black-sea-continuum\/","title":{"rendered":"Modelling the Danube-Black Sea continuum"},"content":{"rendered":"<p>The Danube is the second longest river in Europe, and its delta plays a buffering role between the river and the Black Sea. An excess of nutrients discharged into the river has caused eutrophication at its mouth since the 1970s. Most of present models are unable to correctly represent this phenomenon because of the difference in scales of the processes involved. By using&nbsp;SLIM, we can seamlessly represent these phenomena and evaluate the present and future risks of eutrophication on the coastal area of the Black Sea.<\/p>\n<figure id=\"attachment_42783\" aria-describedby=\"caption-attachment-42783\" style=\"width: 595px\" class=\"wp-caption aligncenter\"><img loading=\"lazy\" decoding=\"async\" class=\"wp-image-42783\" src=\"https:\/\/www.slim-ocean.be\/wp-content\/uploads\/2023\/03\/Capture-decran-2023-03-06-a-11.12.02-1024x437.jpg\" alt=\"\" width=\"595\" height=\"254\" srcset=\"https:\/\/www.slim-ocean.be\/wp-content\/uploads\/2023\/03\/Capture-decran-2023-03-06-a-11.12.02-1024x437.jpg 1024w, https:\/\/www.slim-ocean.be\/wp-content\/uploads\/2023\/03\/Capture-decran-2023-03-06-a-11.12.02-300x128.jpg 300w, https:\/\/www.slim-ocean.be\/wp-content\/uploads\/2023\/03\/Capture-decran-2023-03-06-a-11.12.02-768x328.jpg 768w, https:\/\/www.slim-ocean.be\/wp-content\/uploads\/2023\/03\/Capture-decran-2023-03-06-a-11.12.02-1536x655.jpg 1536w, https:\/\/www.slim-ocean.be\/wp-content\/uploads\/2023\/03\/Capture-decran-2023-03-06-a-11.12.02-2048x873.jpg 2048w\" sizes=\"auto, (max-width: 595px) 100vw, 595px\" \/><figcaption id=\"caption-attachment-42783\" class=\"wp-caption-text\">Merging different Danube river depth data source to obtain one single bathymetry dataset for the entire delta.<\/figcaption><\/figure>\n<p>The first step to setup a model of the river-delta-sea continuum is to produce a continuous bathymetry dataset of the entire area. While the bathymetry of the Black Sea is readily available, the bathymetry of the delta is more elusive. We first had to collect the different bathymetry sources for each branch of the delta, which were provided in different formats, and then merge them together and interpolate them on the model mesh by using an anisotropic interpolation method in a local system of coordinates. Preliminary model results with the 2D version of SLIM are encouraging. Following steps will consist in taking the floodplains into account and coupling a 2D model for the delta system with a 3D model in the Black Sea.<\/p>\n<p><img loading=\"lazy\" decoding=\"async\" class=\"aligncenter wp-image-42773\" src=\"https:\/\/www.slim-ocean.be\/wp-content\/uploads\/2023\/03\/Capture-decran-2023-03-06-a-11.13.16-1024x858.png\" alt=\"Preliminary results of the hydrodynamics from the Danube river to the Black Sea. \" width=\"595\" height=\"499\" srcset=\"https:\/\/www.slim-ocean.be\/wp-content\/uploads\/2023\/03\/Capture-decran-2023-03-06-a-11.13.16-1024x858.png 1024w, https:\/\/www.slim-ocean.be\/wp-content\/uploads\/2023\/03\/Capture-decran-2023-03-06-a-11.13.16-300x251.png 300w, https:\/\/www.slim-ocean.be\/wp-content\/uploads\/2023\/03\/Capture-decran-2023-03-06-a-11.13.16-768x643.png 768w, https:\/\/www.slim-ocean.be\/wp-content\/uploads\/2023\/03\/Capture-decran-2023-03-06-a-11.13.16-1536x1287.png 1536w, https:\/\/www.slim-ocean.be\/wp-content\/uploads\/2023\/03\/Capture-decran-2023-03-06-a-11.13.16-2048x1716.png 2048w\" sizes=\"auto, (max-width: 595px) 100vw, 595px\" \/><\/p>\n<h4>External collaborators<\/h4>\n<p>Prof. Marilaure Gr\u00e9goire (University of Li\u00e8ge) and Dr Luc Vandenbulcke (University of Li\u00e8ge).<\/p>\n<h4>To learn more&#8230;<\/h4>\n<p>Coming soon!<\/p>\n","protected":false},"excerpt":{"rendered":"<p>The Danube is the second longest river in Europe, and its delta plays a buffering role between the river and the Black Sea. An excess&hellip;<\/p>\n","protected":false},"author":23,"featured_media":0,"parent":0,"menu_order":0,"comment_status":"closed","ping_status":"closed","template":"","meta":{"_bbp_topic_count":0,"_bbp_reply_count":0,"_bbp_total_topic_count":0,"_bbp_total_reply_count":0,"_bbp_voice_count":0,"_bbp_anonymous_reply_count":0,"_bbp_topic_count_hidden":0,"_bbp_reply_count_hidden":0,"_bbp_forum_subforum_count":0,"footnotes":""},"class_list":["post-42793","page","type-page","status-publish","hentry"],"jetpack_sharing_enabled":true,"_links":{"self":[{"href":"https:\/\/www.slim-ocean.be\/index.php\/wp-json\/wp\/v2\/pages\/42793","targetHints":{"allow":["GET"]}}],"collection":[{"href":"https:\/\/www.slim-ocean.be\/index.php\/wp-json\/wp\/v2\/pages"}],"about":[{"href":"https:\/\/www.slim-ocean.be\/index.php\/wp-json\/wp\/v2\/types\/page"}],"author":[{"embeddable":true,"href":"https:\/\/www.slim-ocean.be\/index.php\/wp-json\/wp\/v2\/users\/23"}],"replies":[{"embeddable":true,"href":"https:\/\/www.slim-ocean.be\/index.php\/wp-json\/wp\/v2\/comments?post=42793"}],"version-history":[{"count":1,"href":"https:\/\/www.slim-ocean.be\/index.php\/wp-json\/wp\/v2\/pages\/42793\/revisions"}],"predecessor-version":[{"id":42803,"href":"https:\/\/www.slim-ocean.be\/index.php\/wp-json\/wp\/v2\/pages\/42793\/revisions\/42803"}],"wp:attachment":[{"href":"https:\/\/www.slim-ocean.be\/index.php\/wp-json\/wp\/v2\/media?parent=42793"}],"curies":[{"name":"wp","href":"https:\/\/api.w.org\/{rel}","templated":true}]}}